{"id":17,"date":"2013-07-17T23:16:28","date_gmt":"2013-07-17T21:16:28","guid":{"rendered":"http:\/\/hb.buetzower-handball.de\/?page_id=17"},"modified":"2026-01-17T10:58:49","modified_gmt":"2026-01-17T09:58:49","slug":"mannschaften","status":"publish","type":"page","link":"https:\/\/hb.buetzower-handball.de\/?page_id=17","title":{"rendered":"Mannschaften"},"content":{"rendered":"<p><span style=\"position: fixed ! important; top: 0px ! important; left: 0px ! important; font-size: xx-small ! important; line-height: 130% ! important; border-color: black ! important; border-width: 1px ! important; border-style: solid ! important; padding: 0px 2px ! important; z-index: 500 ! important; background-color: #d6e3fe ! important;\">276<\/span><\/p>\n<p><span style=\"position: fixed ! important; top: 0px ! important; left: 0px ! important; font-size: xx-small ! important; line-height: 130% ! important; border-color: black ! important; border-width: 1px ! important; border-style: solid ! important; padding: 0px 2px ! important; z-index: 500 ! important; background-color: #d6e3fe ! important; display: inline;\">1<\/span><\/p>\n<p><span style=\"position: fixed ! important; top: 0px ! important; left: 0px ! important; font-size: xx-small ! important; line-height: 130% ! important; border-color: black ! important; border-width: 1px ! important; border-style: solid ! important; padding: 0px 2px ! important; z-index: 500 ! important; background-color: #d6e3fe ! important; display: inline;\">1<\/span><\/p>\n<p><span style=\"position: fixed ! important; top: 0px ! important; left: 0px ! important; font-size: xx-small ! important; line-height: 130% ! important; border-color: black ! important; border-width: 1px ! important; border-style: solid ! important; padding: 0px 2px ! important; z-index: 500 ! important; background-color: #d6e3fe ! important; display: inline;\">1<\/span><\/p>\n<p><span style=\"position: fixed ! important; top: 0px ! important; left: 0px ! important; font-size: xx-small ! important; line-height: 130% ! important; border-color: black ! important; border-width: 1px ! important; border-style: solid ! important; padding: 0px 2px ! important; z-index: 500 ! important; background-color: #d6e3fe ! important; display: inline;\">1<\/span><\/p>\n<h3><strong><span class=\"tm5\">Mannschaften im Punktspielbetrieb<\/span><\/strong><\/h3>\n<p>&nbsp;<\/p>\n<p class=\"Normal\"><span class=\"tm6\"><a href=\"https:\/\/hb.buetzower-handball.de\/?page_id=62\"><strong><span style=\"color: #0000ff;\"><span style=\"font-size: 14pt;\">Termin\u00fcbersicht<\/span><\/span><\/strong><\/a><span style=\"font-size: 14pt;\"> f\u00fcr die Erwachsenenmannschaften<\/span><br \/>\n<\/span><\/p>\n<p><a href=\"https:\/\/hb.buetzower-handball.de\/?page_id=4549\"><strong><span style=\"color: #0000ff;\"><span style=\"font-size: 14pt;\">Termin\u00fcbersicht<\/span><\/span><\/strong><\/a><span style=\"font-size: 14pt;\"> f\u00fcr die Jugendmannschaften<\/span><\/p>\n<p><span style=\"font-size: 14pt;\"><a href=\"https:\/\/hb.buetzower-handball.de\/?page_id=5674\"><strong><span style=\"color: #0000ff;\">Spielplan &#8211; Geamt\u00fcbersicht<\/span><\/strong><\/a> f\u00fcr alle Mannschaften (<span style=\"color: #ff0000;\">neu<\/span>)<\/span><\/p>\n<p>&nbsp;<\/p>\n<table class=\"tm7 tm8 tm9\" style=\"width: 100%; height: 693px;\" border=\"0\" rules=\"all\">\n<tbody class=\"tm10\">\n<tr style=\"height: 31px;\">\n<td style=\"height: 31px;\" colspan=\"2\"><strong><span style=\"font-size: 14pt;\">Handballverband Mecklenburg-Vorpommern (HVMV)<\/span><\/strong><\/td>\n<\/tr>\n<tr style=\"height: 47px;\">\n<td class=\"tm11 tm12 tm16\" style=\"height: 47px;\">\n<p class=\"Normal tm17\"><a href=\"https:\/\/hb.buetzower-handball.de\/?page_id=20\"><span class=\"tm6\">M\u00e4nner I<\/span><\/a><\/p>\n<\/td>\n<td class=\"tm11 tm12 tm18\" style=\"height: 47px;\">\n<p class=\"Normal tm17\"><a href=\"https:\/\/hvmv-handball.liga.nu\/cgi-bin\/WebObjects\/nuLigaHBDE.woa\/wa\/groupPage?championship=HVMV+25%2F26&amp;group=426589\" target=\"_blank\" rel=\"noopener\"><span class=\"tm6\">Verbandsliga West<\/span><\/a><\/p>\n<\/td>\n<\/tr>\n<tr style=\"height: 47px;\">\n<td class=\"tm11 tm12 tm16\" style=\"height: 47px;\">\n<p class=\"Normal\"><a href=\"https:\/\/hb.buetzower-handball.de\/?page_id=22\"><span class=\"tm6\">Frauen<\/span><\/a><\/p>\n<\/td>\n<td class=\"tm11 tm12 tm18\" style=\"height: 47px;\">\n<p class=\"Normal\"><a href=\"https:\/\/hvmv-handball.liga.nu\/cgi-bin\/WebObjects\/nuLigaHBDE.woa\/wa\/groupPage?championship=HVMV+25%2F26&amp;group=426539\" target=\"_blank\" rel=\"noopener\"><span class=\"tm6\">Verbandsliga West<\/span><\/a><\/p>\n<\/td>\n<\/tr>\n<tr style=\"height: 47px;\">\n<td class=\"tm11 tm12 tm16\" style=\"height: 47px;\">\n<p class=\"Normal\"><span class=\"tm6\">&nbsp;Weibliche Jugend C<\/span><\/p>\n<\/td>\n<td class=\"tm11 tm12 tm18\" style=\"height: 47px;\">&nbsp;<a href=\"https:\/\/hvmv-handball.liga.nu\/cgi-bin\/WebObjects\/nuLigaHBDE.woa\/wa\/groupPage?championship=HVMV+25%2F26&amp;group=426592\" target=\"_blank\" rel=\"noopener\">Oberliga-MV Jugend<\/a><\/td>\n<\/tr>\n<tr style=\"height: 47px;\">\n<td class=\"tm11 tm12 tm16\" style=\"height: 47px;\">\n<p class=\"Normal\"><span class=\"tm6\">Weibliche Jugend A&nbsp;<\/span><\/p>\n<\/td>\n<td class=\"tm11 tm12 tm18\" style=\"height: 47px;\">\n<p class=\"Normal\"><a href=\"https:\/\/hvmv-handball.liga.nu\/cgi-bin\/WebObjects\/nuLigaHBDE.woa\/wa\/groupPage?championship=HVMV+25%2F26&amp;group=426603\" target=\"_blank\" rel=\"noopener\"><span class=\"tm6\">Oberliga-MV Jugend<\/span><\/a><\/p>\n<\/td>\n<\/tr>\n<tr style=\"height: 51px;\">\n<td style=\"height: 51px;\" colspan=\"2\"><strong><span style=\"font-size: 14pt;\">Bezirkshandballverband West (Bezirksoberliga West und Nord)<\/span><\/strong><\/td>\n<\/tr>\n<tr style=\"height: 47px;\">\n<td class=\"tm11 tm12 tm16\" style=\"height: 47px;\">\n<p class=\"Normal tm20\"><a href=\"https:\/\/hb.buetzower-handball.de\/?page_id=26\"><span class=\"tm6\">M\u00e4nner II<\/span><\/a><\/p>\n<\/td>\n<td class=\"tm11 tm12 tm18\" style=\"height: 47px;\">\n<p class=\"Normal tm20\"><a href=\"https:\/\/hvmv-handball.liga.nu\/cgi-bin\/WebObjects\/nuLigaHBDE.woa\/wa\/groupPage?championship=BHV+West+25%2F26&amp;group=426526\" target=\"_blank\" rel=\"noopener\"><span class=\"tm6\">BOL West<\/span><\/a><\/p>\n<\/td>\n<\/tr>\n<tr style=\"height: 47px;\">\n<td class=\"tm11 tm12 tm16\" style=\"height: 47px;\">\n<p class=\"Normal tm20\"><span class=\"tm6\">M\u00e4nnliche Jugend B <\/span><\/p>\n<\/td>\n<td class=\"tm11 tm12 tm18\" style=\"height: 47px;\">\n<p class=\"Normal tm20\"><a href=\"https:\/\/hvmv-handball.liga.nu\/cgi-bin\/WebObjects\/nuLigaHBDE.woa\/wa\/groupPage?championship=BHV+West+25%2F26&amp;group=426615\" target=\"_blank\" rel=\"noopener\"><span class=\"tm6\">BOL West Jugend<\/span><\/a><\/p>\n<\/td>\n<\/tr>\n<tr style=\"height: 47px;\">\n<td class=\"tm11 tm12 tm16\" style=\"height: 47px;\">&nbsp; M\u00e4nnliche Jugend C<\/td>\n<td class=\"tm11 tm12 tm18\" style=\"height: 47px;\">\n<p class=\"Normal tm20\"><a href=\"https:\/\/hvmv-handball.liga.nu\/cgi-bin\/WebObjects\/nuLigaHBDE.woa\/wa\/groupPage?championship=BHV+West+25%2F26&amp;group=426628\" target=\"_blank\" rel=\"noopener\"><span class=\"tm6\">BOL West Jugend (Staffel B)<\/span><\/a><\/p>\n<\/td>\n<\/tr>\n<tr style=\"height: 47px;\">\n<td class=\"tm11 tm12 tm16\" style=\"height: 47px;\">\n<p class=\"Normal tm20\"><span class=\"tm6\">M\u00e4nnliche Jugend D<\/span><\/p>\n<\/td>\n<td class=\"tm11 tm12 tm18\" style=\"height: 47px;\">\n<p class=\"Normal tm20\"><a href=\"https:\/\/hvmv-handball.liga.nu\/cgi-bin\/WebObjects\/nuLigaHBDE.woa\/wa\/groupPage?championship=BHV+West+25%2F26&amp;group=426529\" target=\"_blank\" rel=\"noopener\"><span class=\"tm6\">BOL West Jugend (Staffel B)<\/span><\/a><\/p>\n<\/td>\n<\/tr>\n<tr style=\"height: 47px;\">\n<td class=\"tm11 tm12 tm16\" style=\"height: 47px;\">\n<p class=\"Normal tm20\"><span class=\"tm6\">Weibliche Jugend D<\/span><\/p>\n<\/td>\n<td class=\"tm11 tm12 tm18\" style=\"height: 47px;\">\n<p class=\"Normal tm20\"><a href=\"https:\/\/hvmv-handball.liga.nu\/cgi-bin\/WebObjects\/nuLigaHBDE.woa\/wa\/groupPage?championship=BHV+Nord+25%2F26&amp;group=426576\" target=\"_blank\" rel=\"noopener\"><span class=\"tm6\">BOL Nord Jugend<\/span><\/a><\/p>\n<\/td>\n<\/tr>\n<tr style=\"height: 47px;\">\n<td class=\"tm11 tm12 tm16\" style=\"height: 47px;\">\n<p class=\"Normal tm20\"><span class=\"tm6\">M\u00e4nnliche Jugend E<\/span><\/p>\n<\/td>\n<td class=\"tm11 tm12 tm18\" style=\"height: 47px;\">\n<p class=\"Normal tm20\"><a href=\"https:\/\/hvmv-handball.liga.nu\/cgi-bin\/WebObjects\/nuLigaHBDE.woa\/wa\/groupPage?championship=BHV+West+25%2F26&amp;group=426528\" target=\"_blank\" rel=\"noopener\"><span class=\"tm6\">BOL West Jugend (Staffel C)<\/span><\/a><\/p>\n<\/td>\n<\/tr>\n<tr style=\"height: 47px;\">\n<td class=\"tm11 tm12 tm16\" style=\"height: 47px;\">\n<p class=\"Normal tm20\"><span class=\"tm6\">Weibliche Jugend E<\/span><\/p>\n<\/td>\n<td class=\"tm11 tm12 tm18\" style=\"height: 47px;\">\n<p class=\"Normal tm20\"><a href=\"https:\/\/hvmv-handball.liga.nu\/cgi-bin\/WebObjects\/nuLigaHBDE.woa\/wa\/groupPage?championship=BHV+West+25%2F26&amp;group=426622\" target=\"_blank\" rel=\"noopener\"><span class=\"tm6\">BOL West Jugend (Staffel B)<\/span><\/a><\/p>\n<\/td>\n<\/tr>\n<tr style=\"height: 47px;\">\n<td style=\"height: 47px;\">&nbsp; M\u00e4nnliche und weibliche Jugend F<\/td>\n<td style=\"height: 47px;\">&nbsp; BOL West Jugend (in Turnierform)<\/td>\n<\/tr>\n<tr style=\"height: 47px;\">\n<td style=\"height: 47px;\"><a href=\"https:\/\/hb.buetzower-handball.de\/?page_id=47\">&nbsp; M\u00e4nner III<\/a><\/td>\n<td style=\"height: 47px;\">\n<p class=\"Normal tm20\"><span class=\"tm6\">kein Spielbetrieb<br \/>\n<\/span><\/p>\n<\/td>\n<\/tr>\n<\/tbody>\n<\/table>\n<p class=\"Normal\"><span class=\"tm6\">&nbsp;<\/span><\/p>\n<p class=\"Normal\">&nbsp;<\/p>\n","protected":false},"excerpt":{"rendered":"<p>276 1 1 1 1 Mannschaften im Punktspielbetrieb &nbsp; Termin\u00fcbersicht f\u00fcr die Erwachsenenmannschaften Termin\u00fcbersicht f\u00fcr die Jugendmannschaften Spielplan &#8211; Geamt\u00fcbersicht f\u00fcr alle Mannschaften (neu) &nbsp; Handballverband Mecklenburg-Vorpommern (HVMV) M\u00e4nner I Verbandsliga West Frauen Verbandsliga West &nbsp;Weibliche Jugend C &nbsp;Oberliga-MV Jugend&hellip;<\/p>\n<p class=\"more-link-p\"><a class=\"more-link\" href=\"https:\/\/hb.buetzower-handball.de\/?page_id=17\">Read more &rarr;<\/a><\/p>\n","protected":false},"author":7,"featured_media":0,"parent":0,"menu_order":1,"comment_status":"closed","ping_status":"closed","template":"","meta":{"ngg_post_thumbnail":0,"footnotes":""},"class_list":["post-17","page","type-page","status-publish","hentry"],"_links":{"self":[{"href":"https:\/\/hb.buetzower-handball.de\/index.php?rest_route=\/wp\/v2\/pages\/17","targetHints":{"allow":["GET"]}}],"collection":[{"href":"https:\/\/hb.buetzower-handball.de\/index.php?rest_route=\/wp\/v2\/pages"}],"about":[{"href":"https:\/\/hb.buetzower-handball.de\/index.php?rest_route=\/wp\/v2\/types\/page"}],"author":[{"embeddable":true,"href":"https:\/\/hb.buetzower-handball.de\/index.php?rest_route=\/wp\/v2\/users\/7"}],"replies":[{"embeddable":true,"href":"https:\/\/hb.buetzower-handball.de\/index.php?rest_route=%2Fwp%2Fv2%2Fcomments&post=17"}],"version-history":[{"count":95,"href":"https:\/\/hb.buetzower-handball.de\/index.php?rest_route=\/wp\/v2\/pages\/17\/revisions"}],"predecessor-version":[{"id":5696,"href":"https:\/\/hb.buetzower-handball.de\/index.php?rest_route=\/wp\/v2\/pages\/17\/revisions\/5696"}],"wp:attachment":[{"href":"https:\/\/hb.buetzower-handball.de\/index.php?rest_route=%2Fwp%2Fv2%2Fmedia&parent=17"}],"curies":[{"name":"wp","href":"https:\/\/api.w.org\/{rel}","templated":true}]}}