{"id":20,"date":"2013-07-17T23:18:22","date_gmt":"2013-07-17T21:18:22","guid":{"rendered":"http:\/\/hb.buetzower-handball.de\/?page_id=20"},"modified":"2023-11-21T14:07:14","modified_gmt":"2023-11-21T13:07:14","slug":"manner-i","status":"publish","type":"page","link":"https:\/\/hb.buetzower-handball.de\/?page_id=20","title":{"rendered":"M\u00e4nner I"},"content":{"rendered":"<h3>Neuformierung unserer 1.Handball M\u00e4nnermannschaft des TSV B\u00fctzow<\/h3>\n<p><a href=\"https:\/\/hb.buetzower-handball.de\/wp-content\/uploads\/2023\/11\/IMG_0476.jpg\"><img loading=\"lazy\" decoding=\"async\" class=\"alignleft size-full wp-image-4704\" src=\"https:\/\/hb.buetzower-handball.de\/wp-content\/uploads\/2023\/11\/IMG_0476.jpg\" alt=\"\" width=\"640\" height=\"502\" srcset=\"https:\/\/hb.buetzower-handball.de\/wp-content\/uploads\/2023\/11\/IMG_0476.jpg 640w, https:\/\/hb.buetzower-handball.de\/wp-content\/uploads\/2023\/11\/IMG_0476-300x235.jpg 300w, https:\/\/hb.buetzower-handball.de\/wp-content\/uploads\/2023\/11\/IMG_0476-560x439.jpg 560w, https:\/\/hb.buetzower-handball.de\/wp-content\/uploads\/2023\/11\/IMG_0476-260x204.jpg 260w, https:\/\/hb.buetzower-handball.de\/wp-content\/uploads\/2023\/11\/IMG_0476-160x126.jpg 160w\" sizes=\"auto, (max-width: 640px) 100vw, 640px\" \/><\/a><\/p>\n<p>Im Mai 2023 versammelte sich die neuformierte M\u00e4nnermannschaft mit ihren neuen Trainerstab in der Wilhelm Schr\u00f6der Halle um die neuen gesteckten Ziele zu besprechen<br \/>\nDie Trainer, Andreas K\u00f6ster, J\u00f6rg Schwarzer und Klass Rieck gaben dem Team das Versprechen, die sportliche Ausrichtung, bedeutet, etablieren in der Verbandsliga West, mit den eigenen Spielern des Vereins umzusetzen. Nachhaltig ist die Devise, daher auch der junge Kader f\u00fcr die kommenden Aufgaben. Ob es am Ende sportlich mit den gesteckten Zielen f\u00fcr jedem Spieler im Team reichen wird, soll sich in dieser Punktspielsaison dann zeigen . Entwicklung im spielerischen Verm\u00f6gen jedes Einzelnen der Mannschaft ist der Fokus f\u00fcr die kommende Zeit. Die Mannschaft wird sich finden und f\u00fcr zuk\u00fcnftige Aufgaben bereit sein, so K\u00f6ster Trainer der Mannschaft<\/p>\n<p><a href=\"https:\/\/hvmv-handball.liga.nu\/cgi-bin\/WebObjects\/nuLigaHBDE.woa\/wa\/groupPage?championship=HVMV+23%2F24&amp;group=324515\" target=\"_blank\" rel=\"noopener\"><strong>Link zur aktuellen Tabelle<\/strong><\/a><\/p>\n","protected":false},"excerpt":{"rendered":"<p>Neuformierung unserer 1.Handball M\u00e4nnermannschaft des TSV B\u00fctzow Im Mai 2023 versammelte sich die neuformierte M\u00e4nnermannschaft mit ihren neuen Trainerstab in der Wilhelm Schr\u00f6der Halle um die neuen gesteckten Ziele zu besprechen Die Trainer, Andreas K\u00f6ster, J\u00f6rg Schwarzer und Klass Rieck&hellip;<\/p>\n<p class=\"more-link-p\"><a class=\"more-link\" href=\"https:\/\/hb.buetzower-handball.de\/?page_id=20\">Read more &rarr;<\/a><\/p>\n","protected":false},"author":1,"featured_media":0,"parent":17,"menu_order":0,"comment_status":"closed","ping_status":"closed","template":"","meta":{"ngg_post_thumbnail":0,"footnotes":""},"class_list":["post-20","page","type-page","status-publish","hentry"],"_links":{"self":[{"href":"https:\/\/hb.buetzower-handball.de\/index.php?rest_route=\/wp\/v2\/pages\/20","targetHints":{"allow":["GET"]}}],"collection":[{"href":"https:\/\/hb.buetzower-handball.de\/index.php?rest_route=\/wp\/v2\/pages"}],"about":[{"href":"https:\/\/hb.buetzower-handball.de\/index.php?rest_route=\/wp\/v2\/types\/page"}],"author":[{"embeddable":true,"href":"https:\/\/hb.buetzower-handball.de\/index.php?rest_route=\/wp\/v2\/users\/1"}],"replies":[{"embeddable":true,"href":"https:\/\/hb.buetzower-handball.de\/index.php?rest_route=%2Fwp%2Fv2%2Fcomments&post=20"}],"version-history":[{"count":23,"href":"https:\/\/hb.buetzower-handball.de\/index.php?rest_route=\/wp\/v2\/pages\/20\/revisions"}],"predecessor-version":[{"id":4705,"href":"https:\/\/hb.buetzower-handball.de\/index.php?rest_route=\/wp\/v2\/pages\/20\/revisions\/4705"}],"up":[{"embeddable":true,"href":"https:\/\/hb.buetzower-handball.de\/index.php?rest_route=\/wp\/v2\/pages\/17"}],"wp:attachment":[{"href":"https:\/\/hb.buetzower-handball.de\/index.php?rest_route=%2Fwp%2Fv2%2Fmedia&parent=20"}],"curies":[{"name":"wp","href":"https:\/\/api.w.org\/{rel}","templated":true}]}}