{"id":22,"date":"2018-07-11T09:00:12","date_gmt":"2018-07-11T07:00:12","guid":{"rendered":"http:\/\/hb.buetzower-handball.de\/?page_id=22"},"modified":"2018-09-11T11:41:24","modified_gmt":"2018-09-11T09:41:24","slug":"frauen","status":"publish","type":"page","link":"https:\/\/hb.buetzower-handball.de\/?page_id=22","title":{"rendered":"Frauen"},"content":{"rendered":"<h2 class=\"western\">Saison 2018-2019: Aussichten der Frauenmannschaft<\/h2>\n<p><span style=\"font-size: 8pt;\">Ver\u00f6ffentlicht: 10. September 2018, 09:00 Uhr<\/span><\/p>\n<p>Nun hat die Saison begonnen und unsere Frauen haben das erste Spiel hinter sich gebracht (zum Artikel <a href=\"https:\/\/hb.buetzower-handball.de\/?p=3520\">hier!<\/a>). Leider war von einer &nbsp;ungl\u00fccklichen Ausgangssituation auszugehen. Zus\u00e4tzlich zu den schon genannten Abg\u00e4ngen mussten unsere Frauen einen weiteren Abgang verzeichnen. Celin Kellert wechselte kurz vor dem Beginn der Saison zur ersten Mannschaft der TSG Wismar, dem Drittligisten. Insgesamt haben wir somit in der Mannschaft einen deutlichen Schwund zu verzeichnen. Es konnte &nbsp;allerdings eine weitere Spielerin neben Katja Ehmcke hinzugewonnen werden. Dabei handelt es sich um Neele Jepsen. Letztere kommt aus Schleswig-Holstein und musste auch schon zum ersten Spiel mit antreten. Au\u00dferdem wird aus der A-Jugend ausgeholfen.<\/p>\n<p>Eine weitere ung\u00fcnstige Ausgangssituation besteht darin, dass die Stadt B\u00fctzow f\u00fcr den gesamten September, also mitten im Saisonstart, die Halle renovieren l\u00e4sst. Somit ist es f\u00fcr alle Mannschaften schwer, sich auf die Punktspiele vorzubereiten. Die Fans werden es schon mitbekommen haben, dass im September im Prinzip kaum Heimspiele sind und wenn doch, dann in Neukloster oder Schwaan. Diesbez\u00fcglich m\u00f6chten wir die Fans bitten, sich rechtzeitig zu informieren.<\/p>\n<p>Schlechter kann man in eine neue Punktspielserie gar nicht starten. Das erste Heimspiel findet deshalb auch nicht in B\u00fctzow statt. Sondern am 30.09.2018, um 15:00 Uhr in der Schwaaner Beekehalle.<\/p>\n<h3>Zusammenfassung<\/h3>\n<p><span style=\"font-size: 8pt;\">Ver\u00f6ffentlicht: 11. Juli 2018, 09:00 Uhr<\/span><\/p>\n<p><a id=\"Die_2018\"><\/a>Die vergangene Saison hat die Mannschaft um Katrin Horke angesichts der Gesamtumst\u00e4nde wunderbar abgeschlossen. In der h\u00f6chsten Liga des Landes konnte ein guter Mittelfeldplatz belegt werden. Damit hat das Team einen weiteren Schritt nach vorn gemacht. Dabei war vorauszusehen, dass die letzte Saison nicht leicht werden wird. Einerseits war die Leistungsdichte in der Liga ausgeglichener, andererseits hatte die Mannschaft \u00fcber l\u00e4ngere Zeitr\u00e4ume nur die M\u00f6glichkeit, einmal die Woche zu trainieren. Die bisher zur Verf\u00fcgung stehende Halle in G\u00fcstrow konnte n\u00e4mlich nicht mehr genutzt werden. Leider zeichnet sich f\u00fcr die kommende Saison keine wesentliche Verbesserung ab. Erneut kann zur Vorbereitung der Saison voraussichtlich kein Hallentraining stattfinden. Der Boden in der Wilhelm Schr\u00f6der Halle muss schon wieder technisch bearbeitet werden. Es steht sogar zu bef\u00fcrchten, dass die Umbauarbeiten nicht rechtzeitig bis zum ersten Spiel fertig werden. Somit keine guten Ausgangsbedingungen.<\/p>\n<p>Die Mannschaft hat einige Abg\u00e4nge zu verzeichnen. Laura Thiedig, Sarah Sommer, Cindy D\u00fcnow, Selina Blumrich und Jeanette Kr\u00fcger haben den Verein verlassen. Teilweise beruht das auf einem Wechsel des Vereins, teilweise ist das berufs- und studienbedingt. Als Neuzugang ist Katja Ehmke vom VfL BW Neukloster zu erw\u00e4hnen. Au\u00dferdem haben die ersten M\u00e4dels aus der Nachwuchsmannschaft Interesse gezeigt, die Frauen unterst\u00fctzen zu wollen. Damit stehen wieder die Neuausrichtung der Mannschaft und die Integration der Neuzug\u00e4nge f\u00fcr die kommende Spielserie als Arbeitsaufgabe an. Mit dem heutigen Tage beginnt nun die Vorbereitung hierauf. Das traditionelle Auftakttraining wird am Inselsee in G\u00fcstrow stattfinden.<\/p>\n<p>Die Mannschaft stellt sich vor, trotz der widrigen Umst\u00e4nde einen guten Mittelfeldplatz am Ende einzunehmen. Sie hat in der vergangenen Saison in einigen Spielen gezeigt, dass sie den Top-Mannschaften Paroli bieten kann. Beispielsweise gelang es unseren Frauen, gegen die II. von Wismar zweimal erfolgreich zu sein &#8211; gegen die Mannschaft also, die am Ende mit einem Punkt vor dem TSV den vierten Platz belegte. Einmal war das Team jeweils gegen den sp\u00e4teren Vizelandesmeister und den Drittplatzierten erfolgreich. Gegen den sp\u00e4teren Landesmeister zeigte B\u00fctzow beide Male spannende Spiele. Insbesondere soll die Heimst\u00e4rke auch in der kommenden Saison wieder gefunden werden. Hier wird die Mannschaft stets durch ein Publikum unterst\u00fctzt, welches als R\u00fcckgrat fungiert. Die Mannschaft hofft, das auch wieder viele Fans in der kommenden Spielzeit zur Unterst\u00fctzung in die Halle str\u00f6men werden. Weitere Details zur Vorbereitung werden nach und nach hinzugef\u00fcgt.<\/p>\n<p>&nbsp;<\/p>\n<p>&nbsp;<\/p>\n<h2>Was steht an?<\/h2>\n<p><span style=\"font-size: 10pt;\">\u00c4lterer Artikel: 10. September 2017, 09:00 Uhr<\/span><\/p>\n<p><a id=\"Mit_2017\"><\/a>Mit dem gestrigen Spieltag hat die Saison der Handballfrauen sehr erfreulich begonnen. Die Mannschaft hat die erste Runde des Landespokals als Gast beim Ribnitzer HV bestritten und daf\u00fcr gesorgt, dass sie auch noch an der zweiten Runde teilnehmen kann (<a href=\"https:\/\/hb.buetzower-handball.de\/?p=3164\">siehe Spielbericht<\/a>). Am 21.10.2017 m\u00fcssen die Frauen nun zur HSG Greifswald-Loitz. Bislang sind die B\u00fctzowerinnen nie \u00fcber die erste Partie hinausgekommen. In der Vergangenheit gab es mehrfach denkbar knappe Ergebnisse, aber es hat eben nie gereicht. Mal sehen, wie es in dieser Richtung weiter geht.<\/p>\n<div id=\"attachment_3161\" style=\"width: 310px\" class=\"wp-caption alignleft\"><a href=\"https:\/\/hb.buetzower-handball.de\/wp-content\/uploads\/2017\/09\/Sieg_Ribnitz.jpg\"><img loading=\"lazy\" decoding=\"async\" aria-describedby=\"caption-attachment-3161\" class=\"size-medium wp-image-3161\" src=\"https:\/\/hb.buetzower-handball.de\/wp-content\/uploads\/2017\/09\/Sieg_Ribnitz-300x225.jpg\" alt=\"Mannschaftsfoto Siegesfeier\" width=\"300\" height=\"225\" srcset=\"https:\/\/hb.buetzower-handball.de\/wp-content\/uploads\/2017\/09\/Sieg_Ribnitz-300x225.jpg 300w, https:\/\/hb.buetzower-handball.de\/wp-content\/uploads\/2017\/09\/Sieg_Ribnitz-768x576.jpg 768w, https:\/\/hb.buetzower-handball.de\/wp-content\/uploads\/2017\/09\/Sieg_Ribnitz-560x420.jpg 560w, https:\/\/hb.buetzower-handball.de\/wp-content\/uploads\/2017\/09\/Sieg_Ribnitz-260x195.jpg 260w, https:\/\/hb.buetzower-handball.de\/wp-content\/uploads\/2017\/09\/Sieg_Ribnitz-160x120.jpg 160w, https:\/\/hb.buetzower-handball.de\/wp-content\/uploads\/2017\/09\/Sieg_Ribnitz.jpg 960w\" sizes=\"auto, (max-width: 300px) 100vw, 300px\" \/><\/a><p id=\"caption-attachment-3161\" class=\"wp-caption-text\">Erste Runde Landespokal geschafft<\/p><\/div>\n<p>Obwohl noch nicht wieder alle Spielerinnen an Bord sind, zeigt sich aber doch schon eine gewisse Schlagkraft der Mannschaft. Deutlich wurde das bei der Turnierteilnahme der Frauen in Dorf Mecklenburg, in welchem die Gastgeberinnen bei 2 x 20 Minuten Spielzeit deutlich besiegt worden sind. Gegen die Ligakonkurrenten Stavenhagen und P\u00e4dagogik siegten sie ebenfalls. In der Begegnung gegen Stavenhagen war das zwar nicht ganz so deutlich (2 Tore), doch im letzten Spiel gegen P\u00e4dagogik Rostock wurde das Endergebnis wieder klarer. Obwohl der Trainer allen Spielerinnen Spielpraxis gab, war kaum ein Bruch festzustellen. In einem Trainingsspiel gegen GW Schwerin 1 \u00fcber 3 x 20 Minuten kurz vor dem Turnier gab es nur im letzten Drittel eine Packung. Da lie\u00dfen die Kr\u00e4fte nach. Im ersten Drittel unterlagen sie 8:10 und im zweiten Drittel 9:10. Diese Vorbereitungen und die dort erzielten Ergebnisse d\u00fcrfen aber nicht \u00fcberbewertet werden.<\/p>\n<p>\u201eDie kommende Saison wird schwer\u201c, so warnt der Trainer. \u201eDie Liga wird ausgeglichener; jeder kann jeden schlagen, da kommt es auf die Tagesform an.\u201c Problematisch ist, dass f\u00fcr die Mannschaft zumindest bis Weihnachten keine zweite Hallenzeit zur Verf\u00fcgung steht. Die bislang genutzte Halle wird anderweitig genutzt. Das macht es noch schwieriger. Die Abteilung Fu\u00dfball des TSV hat kurzfristig ihre Nutzungszeit in einer kleinen Halle zur Verf\u00fcgung gestellt, allerdings k\u00f6nnen diese Trainingszeit berufsbedingt nur wenige Spielerinnen nutzen. Wir m\u00fcssen sehen, was die Saison bringt und was die Frauen daraus machen.<\/p>\n<div id=\"attachment_3162\" style=\"width: 310px\" class=\"wp-caption alignright\"><a href=\"https:\/\/hb.buetzower-handball.de\/wp-content\/uploads\/2017\/09\/Sieg_Turnier_Mecklenburg2.jpg\"><img loading=\"lazy\" decoding=\"async\" aria-describedby=\"caption-attachment-3162\" class=\"size-medium wp-image-3162\" src=\"https:\/\/hb.buetzower-handball.de\/wp-content\/uploads\/2017\/09\/Sieg_Turnier_Mecklenburg2-300x225.jpg\" alt=\"Mannschaftsfoto\" width=\"300\" height=\"225\" srcset=\"https:\/\/hb.buetzower-handball.de\/wp-content\/uploads\/2017\/09\/Sieg_Turnier_Mecklenburg2-300x225.jpg 300w, https:\/\/hb.buetzower-handball.de\/wp-content\/uploads\/2017\/09\/Sieg_Turnier_Mecklenburg2-768x576.jpg 768w, https:\/\/hb.buetzower-handball.de\/wp-content\/uploads\/2017\/09\/Sieg_Turnier_Mecklenburg2-560x420.jpg 560w, https:\/\/hb.buetzower-handball.de\/wp-content\/uploads\/2017\/09\/Sieg_Turnier_Mecklenburg2-260x195.jpg 260w, https:\/\/hb.buetzower-handball.de\/wp-content\/uploads\/2017\/09\/Sieg_Turnier_Mecklenburg2-160x120.jpg 160w, https:\/\/hb.buetzower-handball.de\/wp-content\/uploads\/2017\/09\/Sieg_Turnier_Mecklenburg2.jpg 960w\" sizes=\"auto, (max-width: 300px) 100vw, 300px\" \/><\/a><p id=\"caption-attachment-3162\" class=\"wp-caption-text\">Erfolgreiche Turnierteilnahme<\/p><\/div>\n<p>Die ersten Heimspiele werden auch gleich richtige Kracher. Da kommt zun\u00e4chst GW Schwerin II \u2013 eine Mannschaft, die in der Vergangenheit h\u00e4ufig Landesmeister wurde und sicherlich auch diese Zielstellung f\u00fcr die kommende Saison ausgegeben hat. Dann kommt zum zweiten Heimspieltag am 30.09.2017 der aktuelle Landesmeister, der Stralsunder HV, der eine gute Bilanz in den Begegnungen gegen den TSV B\u00fctzow aufzuweisen hat. Schlie\u00dflich kommt am 14.10.2017 Fortuna Neubrandenburg in die Wilhelm-Schr\u00f6der-Halle, der Absteiger aus der Ostsee-Spree-Liga.<\/p>\n<p>Also ein undankbar schweres Programm gleich zu Beginn der Saison. \u201eWenn nicht jede Spielerin von Beginn an voll mitzieht,\u201c so Klink weiter, \u201ekommen wir leicht unter die R\u00e4der, denn zwischen den genannten Heimspielen, m\u00fcssen wir nach Wismar (Wismar II), und das ist nicht mehr der Punktelieferant der vergangenen Saison, vielmehr sind die St\u00fctzen des Mecklenburger SV (zuletzt Dritter in der Tabelle) nach Wismar zur\u00fcckgegangen. Wir m\u00fcssen nach Warnem\u00fcnde (in der letzten Saison ein Tabellenplatz vor uns) und nach Crivitz (letztj\u00e4hriger Vizelandesmeister). Wenn wir unter diesen Bedingungen am Ende der Saison einen mittleren Tabellenplatz einnehmen, haben wir eine ordentliche Zielstellung.\u201c<\/p>\n<p>Mit dem Publikum im R\u00fccken wird diese Zielstellung sicherlich erreichbar sein. Also \u2013 Helft uns! Wir brauchen Euch.<\/p>\n<p>Wir haben aber noch zwei Neuzug\u00e4nge zu vermelden:<\/p>\n<p>Josefine Schreier (auf dem rechten Bild vordere Reihe die Zweite von links) ist wieder dabei. Sie kommt aktuell vom G\u00fcstrower HV, war eine Spielzeit davor bereits beim TSV. Wir k\u00f6nnen sie also wieder in unseren Reihen begr\u00fc\u00dfen. Sie spielt im R\u00fcckraum.<\/p>\n<p>Stefanie Praetzel (auf dem rechten Bild hintere Reihe Dritte von linka) wechselte vom VfL BW Neukloster zu uns und wird die Position im Tor verst\u00e4rken.<\/p>\n<p>&nbsp;<\/p>\n<p>s. auch: Facebook-Auftritt <a href=\"https:\/\/www.facebook.com\/pages\/TSV-B%C3%BCtzow-Frauenmannschaft\/104170699933413?fref=ts\">hier<\/a>!<br \/>\nSpielplan:<br \/>\n<iframe loading=\"lazy\" style=\"border: none;\" src=\"http:\/\/waterville2.de\/handball\/show_all4teamweb.php?team=7\" width=\"550\" height=\"800\"><\/iframe><\/p>\n<p>&nbsp;<\/p>\n<p>&nbsp;<\/p>\n<p>&nbsp;<\/p>\n","protected":false},"excerpt":{"rendered":"<p>Saison 2018-2019: Aussichten der Frauenmannschaft Ver\u00f6ffentlicht: 10. September 2018, 09:00 Uhr Nun hat die Saison begonnen und unsere Frauen haben das erste Spiel hinter sich gebracht (zum Artikel hier!). Leider war von einer &nbsp;ungl\u00fccklichen Ausgangssituation auszugehen. Zus\u00e4tzlich zu den schon&hellip;<\/p>\n<p class=\"more-link-p\"><a class=\"more-link\" href=\"https:\/\/hb.buetzower-handball.de\/?page_id=22\">Read more &rarr;<\/a><\/p>\n","protected":false},"author":1,"featured_media":3413,"parent":17,"menu_order":1,"comment_status":"closed","ping_status":"closed","template":"","meta":{"ngg_post_thumbnail":0,"footnotes":""},"class_list":["post-22","page","type-page","status-publish","has-post-thumbnail","hentry"],"_links":{"self":[{"href":"https:\/\/hb.buetzower-handball.de\/index.php?rest_route=\/wp\/v2\/pages\/22","targetHints":{"allow":["GET"]}}],"collection":[{"href":"https:\/\/hb.buetzower-handball.de\/index.php?rest_route=\/wp\/v2\/pages"}],"about":[{"href":"https:\/\/hb.buetzower-handball.de\/index.php?rest_route=\/wp\/v2\/types\/page"}],"author":[{"embeddable":true,"href":"https:\/\/hb.buetzower-handball.de\/index.php?rest_route=\/wp\/v2\/users\/1"}],"replies":[{"embeddable":true,"href":"https:\/\/hb.buetzower-handball.de\/index.php?rest_route=%2Fwp%2Fv2%2Fcomments&post=22"}],"version-history":[{"count":20,"href":"https:\/\/hb.buetzower-handball.de\/index.php?rest_route=\/wp\/v2\/pages\/22\/revisions"}],"predecessor-version":[{"id":3523,"href":"https:\/\/hb.buetzower-handball.de\/index.php?rest_route=\/wp\/v2\/pages\/22\/revisions\/3523"}],"up":[{"embeddable":true,"href":"https:\/\/hb.buetzower-handball.de\/index.php?rest_route=\/wp\/v2\/pages\/17"}],"wp:featuredmedia":[{"embeddable":true,"href":"https:\/\/hb.buetzower-handball.de\/index.php?rest_route=\/wp\/v2\/media\/3413"}],"wp:attachment":[{"href":"https:\/\/hb.buetzower-handball.de\/index.php?rest_route=%2Fwp%2Fv2%2Fmedia&parent=22"}],"curies":[{"name":"wp","href":"https:\/\/api.w.org\/{rel}","templated":true}]}}