{"id":29,"date":"2013-07-17T23:27:58","date_gmt":"2013-07-17T21:27:58","guid":{"rendered":"http:\/\/hb.buetzower-handball.de\/?page_id=29"},"modified":"2025-07-02T16:56:37","modified_gmt":"2025-07-02T14:56:37","slug":"trainingszeiten","status":"publish","type":"page","link":"https:\/\/hb.buetzower-handball.de\/?page_id=29","title":{"rendered":"Trainingszeiten"},"content":{"rendered":"<p><span style=\"font-size: 8pt;\">Stand: 07\/2025<\/span><\/p>\n<h2 class=\"tm7\"><strong><span class=\"tm8\">Trainingszeiten Abteilung Handball: Stand: 07\/2025<\/span><\/strong><\/h2>\n<p class=\"Text\">&nbsp;<\/p>\n<p class=\"Text\">Abteilungsleiter: Andr\u00e9 Sachse, Tel.: 0177 3062977<\/p>\n<p class=\"Text\">Ansprechpartner Nachwuchs: Volker Theobald, Tel.: 0173 7069597, mail: volkertheobald@aol.com<\/p>\n<p class=\"Untertitel\"><strong><span class=\"tm9\">&nbsp;<\/span><\/strong><\/p>\n<p class=\"Text\">Ein Probetraining ist in allen Altersklassen jederzeit m\u00f6glich. Kommt einfach mit Sportsachen zu den unten aufgef\u00fchrten Zeiten vorbei, eine vorherigen Anmeldung ist w\u00fcnschenswert.<\/p>\n<p class=\"Text\">&nbsp;<\/p>\n<p class=\"Text\">&nbsp;<\/p>\n<p class=\"Text\"><strong>weibliche und m\u00e4nnliche Jugend F (Jahrgang 2017 und j\u00fcnger):<\/strong><\/p>\n<p>&nbsp;<\/p>\n<p class=\"Text\">Dienstags 15:30 &#8211; 17:00 Uhr in der Sporthalle Vierburgweg und<\/p>\n<p class=\"Text\">freitags 15:30 &#8211; 17:00 Uhr in der Sporthalle im R\u00fchner Landweg<\/p>\n<p class=\"Text\">&nbsp;<\/p>\n<p class=\"Text\"><strong>weibliche Jugend E (Jahrgang 2015 &#8211; 2016):<\/strong><\/p>\n<p>&nbsp;<\/p>\n<p class=\"Text\">Montags 16:00 &#8211; 17:30 Uhr und<\/p>\n<p class=\"Text\">mittwochs 15:00 &#8211; 16:30 Uhr in der Sporthalle Vierburgweg<\/p>\n<p class=\"Text\">&nbsp;<\/p>\n<p class=\"Text\"><strong>m\u00e4nnliche Jugend E (Jahrgang 2015 &#8211; 2016) ab 01.09.2025:<\/strong><\/p>\n<p>&nbsp;<\/p>\n<p class=\"Text\">Montags 15:00 &#8211; 16:30 Uhr und<\/p>\n<p class=\"Text\">mittwochs 15:00 &#8211; 16:30 Uhr in der Sporthalle Vierburgweg<\/p>\n<p class=\"Text\">&nbsp;<\/p>\n<p class=\"Text\"><strong>weibliche Jugend D (Jahrgang 2013 &#8211; 2014):<\/strong><\/p>\n<p>&nbsp;<\/p>\n<p class=\"Text\">Dienstags 16:00 &#8211; 17:30 Uhr und<\/p>\n<p class=\"Text\">freitags 15:00 &#8211; 16:30 Uhr in der Sporthalle Vierburgweg<\/p>\n<p class=\"Text\">&nbsp;<\/p>\n<p class=\"Text\"><strong>m\u00e4nnliche Jugend D (Jahrgang 2013 &#8211; 2014):<\/strong><\/p>\n<p>&nbsp;<\/p>\n<p class=\"Text\">Dienstags 17:00 &#8211; 18:30 Uhr und<\/p>\n<p class=\"Text\">donnerstags 15:30 &#8211; 17:00 Uhr in der Sporthalle Vierburgweg<\/p>\n<p class=\"Text\">&nbsp;<\/p>\n<p class=\"Text\"><strong>weibliche Jugend C (Jahrgang 2011 &#8211; 2012):<\/strong><\/p>\n<p>&nbsp;<\/p>\n<p class=\"Text\">Mittwochs 16:30 &#8211; 18:00 Uhr und<\/p>\n<p class=\"Text\">freitags 16:00 &#8211; 17:30 Uhr in der Sporthalle Vierburgweg<\/p>\n<p class=\"Text\">&nbsp;<\/p>\n<p class=\"Text\"><strong>m\u00e4nnliche Jugend C (Jahrgang 2011 &#8211; 2012):<\/strong><\/p>\n<p>&nbsp;<\/p>\n<p class=\"Text\">Montags und mittwochs 17:00 &#8211; 18:30 Uhr in der Sporthalle Vierburgweg<\/p>\n<p class=\"Text\">&nbsp;<\/p>\n<p class=\"Text\"><strong>weibliche Jugend A (Jahrgang 2007 &#8211; 2010):<\/strong><\/p>\n<p>&nbsp;<\/p>\n<p class=\"Text\">Dienstags 18:00 &#8211; 19:30 Uhr und<\/p>\n<p class=\"Text\">freitags 16:30 &#8211; 18:00 Uhr in der Sporthalle Vierburgweg<\/p>\n<p class=\"Text\">&nbsp;<\/p>\n<p class=\"Text\"><strong>m\u00e4nnliche Jugend A und B (Jahrgang 2007 &#8211; 2010):<\/strong><\/p>\n<p>&nbsp;<\/p>\n<p class=\"Text\">Mittwochs 18:00 &#8211; 19:30 Uhr und<\/p>\n<p class=\"Text\">freitags 17:30 &#8211; 19:00 Uhr in der Sporthalle Vierburgweg<\/p>\n<p class=\"Text\">&nbsp;<\/p>\n<p class=\"Text\"><strong>Frauen:<\/strong><\/p>\n<p>&nbsp;<\/p>\n<p class=\"Text\">Dienstags und freitags 18:30 &#8211; 20:00 Uhr in der Sporthalle Vierburgweg<\/p>\n<p class=\"Text\">&nbsp;<\/p>\n<p class=\"Text\"><strong>M\u00e4nner:<\/strong><\/p>\n<p>&nbsp;<\/p>\n<p class=\"Text\">Montags 18:30 &#8211; 20:00 Uhr,<\/p>\n<p class=\"Text\">mittwochs 19:00 &#8211; 20:30 Uhr und<\/p>\n<p class=\"Text\">freitags von 20:00 &#8211; 21:30 Uhr in der Sporthalle Vierburgweg<\/p>\n<p class=\"Text\">&nbsp;<\/p>\n<p class=\"Text\"><strong>M\u00e4nner III:<\/strong><\/p>\n<p class=\"Text\">&#8211; kein Spielbetrieb &#8211; Hier kann jeder zum Training kommen, der will. Auch Anf\u00e4nger sind willkommen.<\/p>\n<p class=\"Text\">Dienstags von 20:00 &#8211; 21:30 Uhr in der Sporthalle Vierburgweg<\/p>\n<p class=\"Normal\">&nbsp;<\/p>\n<p class=\"Text\">&nbsp;<\/p>\n<p>&nbsp;<\/p>\n","protected":false},"excerpt":{"rendered":"<p>Stand: 07\/2025 Trainingszeiten Abteilung Handball: Stand: 07\/2025 &nbsp; Abteilungsleiter: Andr\u00e9 Sachse, Tel.: 0177 3062977 Ansprechpartner Nachwuchs: Volker Theobald, Tel.: 0173 7069597, mail: volkertheobald@aol.com &nbsp; Ein Probetraining ist in allen Altersklassen jederzeit m\u00f6glich. Kommt einfach mit Sportsachen zu den unten aufgef\u00fchrten&hellip;<\/p>\n<p class=\"more-link-p\"><a class=\"more-link\" href=\"https:\/\/hb.buetzower-handball.de\/?page_id=29\">Read more &rarr;<\/a><\/p>\n","protected":false},"author":1,"featured_media":0,"parent":0,"menu_order":1,"comment_status":"closed","ping_status":"closed","template":"","meta":{"ngg_post_thumbnail":0,"footnotes":""},"class_list":["post-29","page","type-page","status-publish","hentry"],"_links":{"self":[{"href":"https:\/\/hb.buetzower-handball.de\/index.php?rest_route=\/wp\/v2\/pages\/29","targetHints":{"allow":["GET"]}}],"collection":[{"href":"https:\/\/hb.buetzower-handball.de\/index.php?rest_route=\/wp\/v2\/pages"}],"about":[{"href":"https:\/\/hb.buetzower-handball.de\/index.php?rest_route=\/wp\/v2\/types\/page"}],"author":[{"embeddable":true,"href":"https:\/\/hb.buetzower-handball.de\/index.php?rest_route=\/wp\/v2\/users\/1"}],"replies":[{"embeddable":true,"href":"https:\/\/hb.buetzower-handball.de\/index.php?rest_route=%2Fwp%2Fv2%2Fcomments&post=29"}],"version-history":[{"count":38,"href":"https:\/\/hb.buetzower-handball.de\/index.php?rest_route=\/wp\/v2\/pages\/29\/revisions"}],"predecessor-version":[{"id":4100,"href":"https:\/\/hb.buetzower-handball.de\/index.php?rest_route=\/wp\/v2\/pages\/29\/revisions\/4100"}],"wp:attachment":[{"href":"https:\/\/hb.buetzower-handball.de\/index.php?rest_route=%2Fwp%2Fv2%2Fmedia&parent=29"}],"curies":[{"name":"wp","href":"https:\/\/api.w.org\/{rel}","templated":true}]}}