{"id":3423,"date":"2018-05-24T23:24:15","date_gmt":"2018-05-24T21:24:15","guid":{"rendered":"http:\/\/hb.buetzower-handball.de\/?page_id=3423"},"modified":"2019-04-14T09:38:22","modified_gmt":"2019-04-14T07:38:22","slug":"datenschutzerklaerung","status":"publish","type":"page","link":"https:\/\/hb.buetzower-handball.de\/?page_id=3423","title":{"rendered":"Datenschutzerkl\u00e4rung"},"content":{"rendered":"<h5 style=\"text-align: center;\">Erstellt am: 24.05.2018, letztes Update am: 23.08.2018<\/h5>\n<h2>Wer bin ich<\/h2>\n<p>Mein Name ist J\u00fcrgen Klink. Ich wohne in Steinhagen, Am Bruchsberg 27. Ich bin handballinteressiert und betreibe diese Internetseite seit dem Jahre 2000. Ich dokumentiere hier zusammen mit einigen Mitgestaltern das Vereinsleben des TSV B\u00fctzow 1952 e.V.; genau genommen auch nur der Abteilung Handball des TSV B\u00fctzow. Ich selbst habe kein Interesse an der Verarbeitung Eurer Daten. Mein Interesse besteht nur in der Dokumentation des Vereinslebens. Hier k\u00f6nnen all jene mitwirken, die auch ein solches Interesse haben. Alles, was hier auf der Seite passiert, geschieht auf ehrenamtlicher Basis.<\/p>\n<p>Leider werde gezwungen, eine ellenlange Datenschutzerkl\u00e4rungen abzugeben, weil die Betreibung einer Internetseite unweigerlich zum Anfall von Daten f\u00fchrt. Ziel der europ\u00e4ischen Datenschutzgrundverordnung (kurz: DSGVO) soll es sein, Eure Rechte zu sch\u00fctzen, ob das wirklich so ist, daran hege ich erhebliche Zweifel (die Meisten klicken auf einen OK-Button, ohne den Inhalt einer aufblinkenden Datenschutzbelehrung zu lesen und k\u00f6nnten damit auch best\u00e4tigen, dass man mit ihren Daten mehr machen kann als vor der Datenschutzgrundverordnung). Unagh\u00e4ngig hiervon m\u00fcsst Ihr nun die nachfolgenden Erkl\u00e4rungen \u00fcber Euch ergehen lassen.<strong> Sofern Ihr die vorliegende Internetseite aufsucht, gehe ich davon aus, dass Ihr diese Datenschutzerkl\u00e4rung gelesen und akzeptiert habt<\/strong>.&nbsp;<\/p>\n<p>Ich messe dem Datenschutz &#8222;gro\u00dfe&#8220; Bedeutung bei. Die Erhebung und Verarbeitung Eurer personenbezogenen Daten geschieht unter Beachtung der geltenden datenschutzrechtlichen Vorschriften, insbesondere des neuen Bundesdatenschutzgesetzes und damit der Datenschutzgrundverordnung (DSGVO), denn Erstere basiert auf Letzterer. Dazu k\u00f6nnte ich noch Einiges schreiben, lasse ich aber.<\/p>\n<h2>Welche personenbezogenen Daten sammele ich und warum?<\/h2>\n<p>Zun\u00e4chst: Ich selbst habe nur begrenztes Interesse hieran, das Ihr weiter unten lesen k\u00f6nnt.<\/p>\n<h3>Hosting<\/h3>\n<p>Diese Seite wird bei einem Hostinganbieter gef\u00fchrt. Die von mir in Anspruch genommenen Hosting-Leistungen dienen der Zurverf\u00fcgungstellung der folgenden Leistungen: Infrastruktur- und Plattformdienstleistungen, Rechenkapazit\u00e4t, Speicherplatz und Datenbankdienste, Sicherheitsleistungen sowie technische Wartungsleistungen, die ich zum Zweck des Betriebs der Internetseite nutze.<br \/>\nHierbei verarbeite ich bzw. mein Hostinganbieter (1und1) Bestandsdaten, Kontaktdaten, Inhaltsdaten, Vertragsdaten, Nutzungsdaten, Meta- und Kommunikationsdaten von Interessenten und Besuchern dieser Website auf Grundlage meiner berechtigten Interessen an einer effizienten und sicheren Zurverf\u00fcgungstellung meiner Internetpr\u00e4senz gem. Art. 6 Abs. 1 S. 1 f) DSGVO i.V.m. Art. 28 DSGVO. Ich verwende diese personenbezogenen Daten zum Zweck des Betriebs der Website.<\/p>\n<h3>Zugriffsdaten<\/h3>\n<p>Mein Hostinganbieter erhebt, speichert und nutzt Daten \u00fcber jeden Zugriff auf dieser Webseite (sogenannte Serverlogfiles). Zu den Zugriffsdaten geh\u00f6ren:\uf02d<\/p>\n<ul>\n<li>Name und URL der abgerufenen Datei<\/li>\n<li>Datum und Uhrzeit des Abrufs<\/li>\n<li>\u00fcbertragene Datenmenge<\/li>\n<li>Meldung \u00fcber erfolgreichen Abruf (HTTP response code)<\/li>\n<li>Browsertyp und Browserversion<\/li>\n<li>Betriebssystem\uf02d\uf02d<\/li>\n<li>Referer URL (d.h. die zuvor besuchte Seite)<\/li>\n<li>Websites, die vom System des Nutzers \u00fcber unsere Website aufgerufen werden<\/li>\n<li>Internet-Service-Provider des Nutzers<\/li>\n<li>IP-Adresse und der anfragende Provider<\/li>\n<\/ul>\n<p>Ich habe \u00fcber ein Kontrollzentrum Zugang hierzu und nutze &#8211; wenn \u00fcberhaupt &#8211; diese Protokolldaten ohne Zuordnung zu Eurer Person oder sonstiger Profilerstellung f\u00fcr statistische Auswertungen zum Zweck des Betriebs, der Sicherheit und der Optimierung dieser Website, aber auch zur anonymen Erfassung der Anzahl der Besucher auf meiner Website (traffic) sowie zum Umfang und zur Art der Nutzung der Website und Dienste, ebenso k\u00f6nnte es zu Abrechnungszwecken dienen, um die Anzahl der von Kooperationspartnern erhaltenen Clicks zu messen (Wird zur Zeit jedoch nicht praktiziert). Jedenfalls k\u00f6nnte ich das rein theoretisch.<br \/>\nAufgrund dieser Informationen kann (genauer gesagt: k\u00f6nnte) ich den Datenverkehr analysieren, Fehler suchen und beheben und die Internetseite verbessern. Hierin liegt folglich mein alleiniges berechtigtes Interesse gem\u00e4\u00df Art 6 Abs. 1 S. 1 f) DSGVO.<br \/>\nIch behalte mir vor, die Protokolldaten nachtr\u00e4glich zu \u00fcberpr\u00fcfen, wenn aufgrund konkreter Anhaltspunkte der berechtigte Verdacht einer rechtswidrigen Nutzung besteht. IP-Adressen speichere ich&nbsp;(ich muss hier mal genauer werden: mein Content Management System) f\u00fcr einen begrenzten Zeitraum in den Logfiles, wenn dies f\u00fcr Sicherheitszwecke erforderlich ist. IP-Adressen speichere ich selbst dann, wenn ich den konkreten Verdacht einer Straftat im Zusammenhang mit der Nutzung dieser Website habe (Zur Information: diese Internetpr\u00e4senz unterliegt wie vermutlich fast jede Internetseite st\u00e4ndigen, t\u00e4glichen Hackerangriffen; die entsprechenden Daten liegen vor und k\u00f6nnen den Strafverfolgungsbeh\u00f6rden zur Verf\u00fcgung gestellt werden, was ein berechtigtes Interesse darstellen wird).<\/p>\n<h3>Kommentare<\/h3>\n<p>Wenn Besucher Kommentare auf der Website schreiben, sammele ich die Daten, die im Kommentar-Formular angezeigt werden, au\u00dferdem die IP-Adresse des Besuchers und den User-Agent-String (mit diesem neudeutschen, leider nicht lokalisierten Begriff wird ausgedr\u00fcckt, dass der Browser identifiziert wird), um die Erkennung von Spam zu unterst\u00fctzen. Zur Zeit ist die Kommentarfunktion allerdings nicht freigeschaltet. Wahrscheinlich wird sie auch nicht in Zukunft freigeschaltet werden, denn eine solche Nutzung wirft im Zusammenhang mit der DSGVO erhebliche Probleme auf &#8211; wohl auch gewollt.<\/p>\n<h3>Medien<\/h3>\n<p>Wenn Du ein registrierter Benutzer bist und Fotos auf diese Website l\u00e4dst, solltest Du vermeiden, Fotos mit einem EXIF-GPS-Standort hochzuladen. Besucher dieser Website k\u00f6nnten Fotos, die auf dieser Website gespeichert sind, herunterladen und deren Standort-Informationen extrahieren. Wie Ihr seht, spreche ich hiermit meine Mitstreiter an. Fremde Besucher k\u00f6nnen hier nichts hochladen.<\/p>\n<h3>Kontaktformulare<\/h3>\n<p>Wenn Du mit mir in Kontakt treten willst (z. B. per Kontaktformular oder E-Mail), &#8222;verarbeite&#8220; ich Deine Angaben zur Bearbeitung der Anfrage sowie f\u00fcr den Fall, dass Anschlussfragen entstehen. Erfolgt die &#8222;Datenverarbeitung zur Durchf\u00fchrung vorvertraglicher Ma\u00dfnahmen&#8220;, die auf Deine Anfrage hin erfolgen, ist Rechtsgrundlage f\u00fcr diese Datenverarbeitung Art. 6 Abs. 1 S. 1 b) DSGVO.<br \/>\nWeitere personenbezogene Daten verarbeite ich nur, wenn Du dazu einwilligst (Art. 6 Abs. 1 S. 1 a) DSGVO) oder ich ein berechtigtes Interesse an der Verarbeitung Deiner Daten habe (Art. 6 Abs. 1 S. 1 f) DSGVO). Ein berechtigtes Interesse liegt z. B. darin, auf Deine E-Mail zu antworten.<\/p>\n<h3>Cookies<\/h3>\n<p>Wenn Du einen Kommentar auf meiner Website schreibst, kann das eine Einwilligung sein, Deinen Namen, E-Mail-Adresse und Website in Cookies zu speichern. Dies ist eine Komfortfunktion, damit Du nicht, wenn Du einen weiteren Kommentar schreibst, all diese Daten erneut eingeben musst. Diese Cookies werden ein Jahr lang gespeichert.<\/p>\n<p>Falls Du ein Konto hast und Dich auf dieser Website anmeldest, werde ich (ich muss hier mal genauer werden: mein Content Management System) ein tempor\u00e4res Cookie setzen, um festzustellen, ob Dein Browser Cookies akzeptiert. Dieses Cookie enth\u00e4lt keine personenbezogenen Daten und wird verworfen, wenn Du Deinen Browser schlie\u00dft.<\/p>\n<p>Wenn Du Dich anmeldest, werde ich&nbsp;(ich muss hier mal genauer werden: mein Content Management System) einige Cookies einrichten, um Deine Anmeldeinformationen und Anzeigeoptionen zu speichern. Anmelde-Cookies verfallen nach zwei Tagen und Cookies f\u00fcr die Anzeigeoptionen nach einem Jahr. Falls Du bei der Anmeldung \u201eAngemeldet bleiben\u201c ausw\u00e4hlst, wird Deine Anmeldung zwei Wochen lang aufrechterhalten. Mit der Abmeldung aus Deinem Konto werden die Anmelde-Cookies gel\u00f6scht. Das betrifft hier aber nur wenige zugelassene Nutzer. Als allgemeiner Besucher dieser Internetseite wirst du dich nicht anmelden k\u00f6nnen. Ich habe diese Funktion nicht freigegeben.<\/p>\n<p>Wenn Du einen Artikel bearbeitest oder ver\u00f6ffentlichst, wird ein zus\u00e4tzlicher Cookie in Deinem Browser gespeichert. Dieser Cookie enth\u00e4lt keine personenbezogenen Daten und verweist nur auf die Beitrags-ID des Artikels, den Du gerade bearbeitet hast. Der Cookie verf\u00e4llt nach einem Tag. Auch das trifft nur f\u00fcr meine Mitstreiter zu.<\/p>\n<h3>Eingebettete Inhalte von anderen Websites<\/h3>\n<p>Beitr\u00e4ge auf dieser Website k\u00f6nnen eingebettete Inhalte beinhalten (z.&nbsp;B. Videos, Bilder, Beitr\u00e4ge etc.). Ich mache z.B. Gebrauch von Facebookseiten unserer Mannschaften. Eingebettete Inhalte von anderen Websites verhalten sich exakt so, als ob der Besucher die andere Website besucht h\u00e4tte.<\/p>\n<p>Diese Websites k\u00f6nnen Daten \u00fcber Dich sammeln, Cookies benutzen, zus\u00e4tzliche Tracking-Dienste von Dritten einbetten und Deine Interaktion mit diesem eingebetteten Inhalt aufzeichnen, inklusive Deiner Interaktion mit dem eingebetteten Inhalt, falls Du ein Konto hast und auf dieser Website angemeldet bist. Damit habe ich selbst nichts zu tun.<\/p>\n<h3>Analysedienste<\/h3>\n<p>Ich&nbsp; verwende keine Analysedienste. Mein Hosting-Anbieter wird zu den oben genannten Zwecken Analysen durchf\u00fchren.<\/p>\n<h2>Wie lange speichere ich Deine Daten?<\/h2>\n<p>Wenn Du einen Kommentar schreibst, wird dieser inklusive Metadaten zeitlich unbegrenzt gespeichert. Auf diese Art kann ich Folgekommentare automatisch erkennen und freigeben, anstelle sie in einer Moderations-Warteschlange festzuhalten.<\/p>\n<p>F\u00fcr Benutzer, die sich auf dieser Website registrieren, speichere ich zus\u00e4tzlich die pers\u00f6nlichen Informationen, die Du in Deinen Benutzerprofilen angibst. Alle Benutzer k\u00f6nnen jederzeit ihre pers\u00f6nlichen Informationen einsehen, ver\u00e4ndern oder l\u00f6schen (der Benutzername kann nicht ver\u00e4ndert werden). Administratoren der Website k\u00f6nnen diese Informationen ebenfalls einsehen und im Rahmen des Zul\u00e4ssigen ver\u00e4ndern. Diese Hinweise gelten also nur f\u00fcr den begrenzten Kreis meiner Mitstreiter.<\/p>\n<h2>Welche Rechte hast Du an Deinen Daten?<\/h2>\n<p>Wenn Du ein Konto auf dieser Website besitzt oder Kommentare geschrieben hast, kannst du einen Export Deiner personenbezogenen Daten bei uns anfordern, inklusive aller Daten, die Du mir mitgeteilt hast. Dar\u00fcber hinaus kannst Du die L\u00f6schung aller personenbezogenen Daten, die mein Content Management System von Dir gespeichert hat, anfordern (Man sieht: schon allein deshalb kann ich Dir keinen umfassenderen Zugang gew\u00e4hren &#8211; wenn ich nichts verlange, muss ich auch nichts herausgeben). Dies umfasst nicht die Daten, die ich aufgrund administrativer, rechtlicher oder sicherheitsrelevanter Notwendigkeiten aufbewahren muss.<\/p>\n<p>Sofern Du der Erhebung, Verarbeitung oder Nutzung Deiner Daten durch mich nach Ma\u00dfgabe dieser Datenschutzbestimmungen insgesamt oder f\u00fcr einzelne Ma\u00dfnahmen widersprechen willst, kannst Du Deinen Widerspruch an den Verantwortlichen, n\u00e4mlich mich richten. Du erreichst mich \u00fcber mein <a href=\"https:\/\/hb.buetzower-handball.de\/?page_id=34\">Kontaktformular<\/a>.<br \/>\nDu kannst diese Datenschutzerkl\u00e4rung jederzeit speichern und ausdrucken.<\/p>\n<h2>Wohin sende ich Deine Daten?<\/h2>\n<p>Besucher-Kommentare k\u00f6nnten von einem automatisierten Dienst zur Spam-Erkennung untersucht werden. Zur Zeit sind jedoch Besucherkommentare nicht freigeschaltet. Deshalb passiert auch hier nichts.<\/p>\n<p>Ich danke f\u00fcr die Aufmerksamkeit und entschuldige mich f\u00fcr die Einschr\u00e4nkung der Freiheit des Internets.<\/p>\n<p>&nbsp;<\/p>\n<p>P.S.: Um den Irrsinn auf die Spitze zu treiben, folgende Frage: muss ich in geeigneter Weise all meinen Telefonkontakten auf meinem &#8222;Handy&#8220; (Die Franzosen nennen das Taschentelefon) eine Datenschutzerkl\u00e4rung zukommen lassen?<\/p>\n<p>Das Telefon benutzt ein Dateisystem (im Englischen: File System &#8211; und daher kommt auch die deutsche \u00dcbersetzung in der DSGVO, n\u00e4mlich Dateisystem), und wenn ich euch anrufe, werden die Daten in der Weise <strong>verarbeitet<\/strong>, dass eine kleine App darauf zugreift, mir z.B. die Telefonnummer filtert und in der App zum Telefonieren bereitstellt. Oder ist es besser, nach altem Muster Karteikarten (kurz: Kartei) vorzuhalten (wobei ich mir nicht sicher bin, ob das im Englischen nicht auch File System hei\u00dft und damit auch diese Pflicht erzeugt, die ich mit der vorliegenden Datenschutzerkl\u00e4rung erf\u00fclle), auf denen ich die Daten meiner Freunde notiere? Oder noch besser, speichere ich fortan alle meine Kontakte in meinem Hirn? Aber, was mache ich, wenn dann die L\u00f6schung verlangt wird?<\/p>\n<p>Nun ja, Ihr k\u00f6nnt mir nicht antworten, denn ich habe die Kommentarfunktion nicht freigeschaltet.<\/p>\n<h3>&nbsp;<\/h3>\n","protected":false},"excerpt":{"rendered":"<p>Erstellt am: 24.05.2018, letztes Update am: 23.08.2018 Wer bin ich Mein Name ist J\u00fcrgen Klink. Ich wohne in Steinhagen, Am Bruchsberg 27. Ich bin handballinteressiert und betreibe diese Internetseite seit dem Jahre 2000. Ich dokumentiere hier zusammen mit einigen Mitgestaltern&hellip;<\/p>\n<p class=\"more-link-p\"><a class=\"more-link\" href=\"https:\/\/hb.buetzower-handball.de\/?page_id=3423\">Read more &rarr;<\/a><\/p>\n","protected":false},"author":1,"featured_media":0,"parent":0,"menu_order":0,"comment_status":"closed","ping_status":"closed","template":"","meta":{"ngg_post_thumbnail":0,"footnotes":""},"class_list":["post-3423","page","type-page","status-publish","hentry"],"_links":{"self":[{"href":"https:\/\/hb.buetzower-handball.de\/index.php?rest_route=\/wp\/v2\/pages\/3423","targetHints":{"allow":["GET"]}}],"collection":[{"href":"https:\/\/hb.buetzower-handball.de\/index.php?rest_route=\/wp\/v2\/pages"}],"about":[{"href":"https:\/\/hb.buetzower-handball.de\/index.php?rest_route=\/wp\/v2\/types\/page"}],"author":[{"embeddable":true,"href":"https:\/\/hb.buetzower-handball.de\/index.php?rest_route=\/wp\/v2\/users\/1"}],"replies":[{"embeddable":true,"href":"https:\/\/hb.buetzower-handball.de\/index.php?rest_route=%2Fwp%2Fv2%2Fcomments&post=3423"}],"version-history":[{"count":19,"href":"https:\/\/hb.buetzower-handball.de\/index.php?rest_route=\/wp\/v2\/pages\/3423\/revisions"}],"predecessor-version":[{"id":3705,"href":"https:\/\/hb.buetzower-handball.de\/index.php?rest_route=\/wp\/v2\/pages\/3423\/revisions\/3705"}],"wp:attachment":[{"href":"https:\/\/hb.buetzower-handball.de\/index.php?rest_route=%2Fwp%2Fv2%2Fmedia&parent=3423"}],"curies":[{"name":"wp","href":"https:\/\/api.w.org\/{rel}","templated":true}]}}