{"id":47,"date":"2013-07-28T10:02:59","date_gmt":"2013-07-28T08:02:59","guid":{"rendered":"http:\/\/hb.buetzower-handball.de\/?page_id=47"},"modified":"2015-04-06T21:18:26","modified_gmt":"2015-04-06T19:18:26","slug":"manner-iii","status":"publish","type":"page","link":"https:\/\/hb.buetzower-handball.de\/?page_id=47","title":{"rendered":"M\u00e4nner III"},"content":{"rendered":"<p>Die dritte Herrenmannschaft nimmt nicht am Spielbetrieb teil. Sie versteht sich als \u201cAuffangbecken\u201d f\u00fcr jene, die aufgrund ihres Alters, aufgrund der Arbeit oder aus anderen Gr\u00fcnden den Handballsport nicht wettkampfm\u00e4\u00dfig betreiben wollen. Hier kann jeder zum Training kommen, der will. Auch Anf\u00e4nger sind willkommen.<\/p>\n<p>Trainingszeit: Dienstags 20.30 &#8211; 22.00 Uhr<\/p>\n<p><em><strong>Jungebliebene Talente sind herzlich willkommen!<\/strong><\/em><\/p>\n<p><a href=\"https:\/\/hb.buetzower-handball.de\/wp-content\/uploads\/2015\/04\/3.M\u00e4nnermannschaft-klein.jpg\"><img loading=\"lazy\" decoding=\"async\" class=\"alignright size-full wp-image-2213\" src=\"https:\/\/hb.buetzower-handball.de\/wp-content\/uploads\/2015\/04\/3.M\u00e4nnermannschaft-klein.jpg\" alt=\"3.M\u00e4nnermannschaft klein\" width=\"500\" height=\"334\" srcset=\"https:\/\/hb.buetzower-handball.de\/wp-content\/uploads\/2015\/04\/3.M\u00e4nnermannschaft-klein.jpg 500w, https:\/\/hb.buetzower-handball.de\/wp-content\/uploads\/2015\/04\/3.M\u00e4nnermannschaft-klein-300x200.jpg 300w, https:\/\/hb.buetzower-handball.de\/wp-content\/uploads\/2015\/04\/3.M\u00e4nnermannschaft-klein-260x174.jpg 260w, https:\/\/hb.buetzower-handball.de\/wp-content\/uploads\/2015\/04\/3.M\u00e4nnermannschaft-klein-160x107.jpg 160w\" sizes=\"auto, (max-width: 500px) 100vw, 500px\" \/><\/a><\/p>\n","protected":false},"excerpt":{"rendered":"<p>Die dritte Herrenmannschaft nimmt nicht am Spielbetrieb teil. Sie versteht sich als \u201cAuffangbecken\u201d f\u00fcr jene, die aufgrund ihres Alters, aufgrund der Arbeit oder aus anderen Gr\u00fcnden den Handballsport nicht wettkampfm\u00e4\u00dfig betreiben wollen. Hier kann jeder zum Training kommen, der will.&hellip;<\/p>\n<p class=\"more-link-p\"><a class=\"more-link\" href=\"https:\/\/hb.buetzower-handball.de\/?page_id=47\">Read more &rarr;<\/a><\/p>\n","protected":false},"author":1,"featured_media":0,"parent":17,"menu_order":3,"comment_status":"closed","ping_status":"closed","template":"","meta":{"ngg_post_thumbnail":0,"footnotes":""},"class_list":["post-47","page","type-page","status-publish","hentry"],"_links":{"self":[{"href":"https:\/\/hb.buetzower-handball.de\/index.php?rest_route=\/wp\/v2\/pages\/47","targetHints":{"allow":["GET"]}}],"collection":[{"href":"https:\/\/hb.buetzower-handball.de\/index.php?rest_route=\/wp\/v2\/pages"}],"about":[{"href":"https:\/\/hb.buetzower-handball.de\/index.php?rest_route=\/wp\/v2\/types\/page"}],"author":[{"embeddable":true,"href":"https:\/\/hb.buetzower-handball.de\/index.php?rest_route=\/wp\/v2\/users\/1"}],"replies":[{"embeddable":true,"href":"https:\/\/hb.buetzower-handball.de\/index.php?rest_route=%2Fwp%2Fv2%2Fcomments&post=47"}],"version-history":[{"count":11,"href":"https:\/\/hb.buetzower-handball.de\/index.php?rest_route=\/wp\/v2\/pages\/47\/revisions"}],"predecessor-version":[{"id":2220,"href":"https:\/\/hb.buetzower-handball.de\/index.php?rest_route=\/wp\/v2\/pages\/47\/revisions\/2220"}],"up":[{"embeddable":true,"href":"https:\/\/hb.buetzower-handball.de\/index.php?rest_route=\/wp\/v2\/pages\/17"}],"wp:attachment":[{"href":"https:\/\/hb.buetzower-handball.de\/index.php?rest_route=%2Fwp%2Fv2%2Fmedia&parent=47"}],"curies":[{"name":"wp","href":"https:\/\/api.w.org\/{rel}","templated":true}]}}